{"id":157,"date":"2025-08-06T00:20:33","date_gmt":"2025-08-06T00:20:33","guid":{"rendered":"https:\/\/guyanemanagersetdirigeants.com\/?page_id=157"},"modified":"2025-08-12T13:24:00","modified_gmt":"2025-08-12T13:24:00","slug":"actualite","status":"publish","type":"page","link":"https:\/\/guyanemanagersetdirigeants.com\/index.php\/actualite\/","title":{"rendered":"Actualit\u00e9"},"content":{"rendered":"\t\t<div data-elementor-type=\"wp-page\" data-elementor-id=\"157\" class=\"elementor elementor-157\">\n\t\t\t\t<div class=\"elementor-element elementor-element-d3a3043 e-flex e-con-boxed e-con e-parent\" data-id=\"d3a3043\" data-element_type=\"container\" data-e-type=\"container\" data-settings=\"{&quot;background_background&quot;:&quot;classic&quot;}\">\n\t\t\t\t\t<div class=\"e-con-inner\">\n\t\t\t\t<div class=\"elementor-element elementor-element-ef5c400 elementor-widget elementor-widget-heading\" data-id=\"ef5c400\" data-element_type=\"widget\" data-e-type=\"widget\" data-widget_type=\"heading.default\">\n\t\t\t\t\t<h2 class=\"elementor-heading-title elementor-size-default\">Actualit\u00e9 &amp; \u00c9v\u00e9nements<\/h2>\t\t\t\t<\/div>\n\t\t\t\t\t<\/div>\n\t\t\t\t<\/div>\n\t\t<div class=\"elementor-element elementor-element-c36ea7e e-flex e-con-boxed e-con e-parent\" data-id=\"c36ea7e\" data-element_type=\"container\" data-e-type=\"container\">\n\t\t\t\t\t<div class=\"e-con-inner\">\n\t\t\t\t<div class=\"elementor-element elementor-element-8482f76 elementor-widget elementor-widget-spacer\" data-id=\"8482f76\" data-element_type=\"widget\" data-e-type=\"widget\" data-widget_type=\"spacer.default\">\n\t\t\t\t\t\t\t<div class=\"elementor-spacer\">\n\t\t\t<div class=\"elementor-spacer-inner\"><\/div>\n\t\t<\/div>\n\t\t\t\t\t\t<\/div>\n\t\t\t\t\t<\/div>\n\t\t\t\t<\/div>\n\t\t<div class=\"elementor-element elementor-element-802a5ab e-flex e-con-boxed e-con e-parent\" data-id=\"802a5ab\" data-element_type=\"container\" data-e-type=\"container\">\n\t\t\t\t\t<div class=\"e-con-inner\">\n\t\t\t\t<div class=\"elementor-element elementor-element-9e041c8 elementor-widget elementor-widget-heading\" data-id=\"9e041c8\" data-element_type=\"widget\" data-e-type=\"widget\" data-widget_type=\"heading.default\">\n\t\t\t\t\t<h2 class=\"elementor-heading-title elementor-size-default\">Suivez toute l\u2019actualit\u00e9 du management et de l\u2019entrepreneuriat en Guyane<\/h2>\t\t\t\t<\/div>\n\t\t<div class=\"elementor-element elementor-element-4e4f5ed e-con-full e-flex e-con e-child\" data-id=\"4e4f5ed\" data-element_type=\"container\" data-e-type=\"container\" data-settings=\"{&quot;background_background&quot;:&quot;classic&quot;}\">\n\t\t\t\t<div class=\"elementor-element elementor-element-e5136d7 elementor-widget elementor-widget-text-editor\" data-id=\"e5136d7\" data-element_type=\"widget\" data-e-type=\"widget\" data-widget_type=\"text-editor.default\">\n\t\t\t\t\t\t\t\t\t<p><strong>\ud83d\udccc Salons et rencontres professionnelles<br \/>\ud83d\udccc Formations et ateliers<br \/>\ud83d\udccc T\u00e9moignages de dirigeants locaux<br \/>\ud83d\udccc Innovations et initiatives \u00e9conomiques<br \/>\ud83d\udccc Publicit\u00e9s et nouveaut\u00e9s des entreprises\u00a0<\/strong><\/p>\t\t\t\t\t\t\t\t<\/div>\n\t\t\t\t<\/div>\n\t\t\t\t\t<\/div>\n\t\t\t\t<\/div>\n\t\t<div class=\"elementor-element elementor-element-c47a366 e-flex e-con-boxed e-con e-parent\" data-id=\"c47a366\" data-element_type=\"container\" data-e-type=\"container\">\n\t\t\t\t\t<div class=\"e-con-inner\">\n\t\t\t\t<div class=\"elementor-element elementor-element-b141026 elementor-widget elementor-widget-spacer\" data-id=\"b141026\" data-element_type=\"widget\" data-e-type=\"widget\" data-widget_type=\"spacer.default\">\n\t\t\t\t\t\t\t<div class=\"elementor-spacer\">\n\t\t\t<div class=\"elementor-spacer-inner\"><\/div>\n\t\t<\/div>\n\t\t\t\t\t\t<\/div>\n\t\t\t\t\t<\/div>\n\t\t\t\t<\/div>\n\t\t<div class=\"elementor-element elementor-element-0475c38 e-flex e-con-boxed e-con e-parent\" data-id=\"0475c38\" data-element_type=\"container\" data-e-type=\"container\" data-settings=\"{&quot;background_background&quot;:&quot;classic&quot;}\">\n\t\t\t\t\t<div class=\"e-con-inner\">\n\t\t<div class=\"elementor-element elementor-element-941594d e-con-full e-flex e-con e-child\" data-id=\"941594d\" data-element_type=\"container\" data-e-type=\"container\" data-settings=\"{&quot;background_background&quot;:&quot;classic&quot;}\">\n\t\t<div class=\"elementor-element elementor-element-fcd992e e-con-full e-flex e-con e-child\" data-id=\"fcd992e\" data-element_type=\"container\" data-e-type=\"container\">\n\t\t\t\t<div class=\"elementor-element elementor-element-7fd2a56 elementor-widget elementor-widget-heading\" data-id=\"7fd2a56\" data-element_type=\"widget\" data-e-type=\"widget\" data-widget_type=\"heading.default\">\n\t\t\t\t\t<h2 class=\"elementor-heading-title elementor-size-default\">Utilisez votre CPF pour financer votre formation<\/h2>\t\t\t\t<\/div>\n\t\t\t\t<div class=\"elementor-element elementor-element-f75f322 elementor-widget elementor-widget-text-editor\" data-id=\"f75f322\" data-element_type=\"widget\" data-e-type=\"widget\" data-widget_type=\"text-editor.default\">\n\t\t\t\t\t\t\t\t\t<p>Le <strong>Compte Personnel de Formation (CPF)<\/strong> est un dispositif public mis en place pour <strong>permettre \u00e0 chacun de se former tout au long de sa vie professionnelle<\/strong>. Il remplace l\u2019ancien DIF et <strong>vous donne droit \u00e0 un budget formation en euros<\/strong>, que vous soyez <strong>salari\u00e9, ind\u00e9pendant, ou demandeur d\u2019emploi<\/strong>.<\/p>\t\t\t\t\t\t\t\t<\/div>\n\t\t\t\t<\/div>\n\t\t<div class=\"elementor-element elementor-element-b74c255 e-con-full e-flex e-con e-child\" data-id=\"b74c255\" data-element_type=\"container\" data-e-type=\"container\">\n\t\t\t\t<div class=\"elementor-element elementor-element-7d11478 elementor-widget elementor-widget-image\" data-id=\"7d11478\" data-element_type=\"widget\" data-e-type=\"widget\" data-widget_type=\"image.default\">\n\t\t\t\t\t\t\t\t\t\t\t\t\t\t\t<img fetchpriority=\"high\" decoding=\"async\" width=\"1024\" height=\"595\" src=\"https:\/\/guyanemanagersetdirigeants.com\/wp-content\/uploads\/2025\/08\/Compte-CPF-Abondance-Formation-1024x595.jpg\" class=\"attachment-large size-large wp-image-210\" alt=\"\" srcset=\"https:\/\/guyanemanagersetdirigeants.com\/wp-content\/uploads\/2025\/08\/Compte-CPF-Abondance-Formation-1024x595.jpg 1024w, https:\/\/guyanemanagersetdirigeants.com\/wp-content\/uploads\/2025\/08\/Compte-CPF-Abondance-Formation-300x174.jpg 300w, https:\/\/guyanemanagersetdirigeants.com\/wp-content\/uploads\/2025\/08\/Compte-CPF-Abondance-Formation-768x446.jpg 768w, https:\/\/guyanemanagersetdirigeants.com\/wp-content\/uploads\/2025\/08\/Compte-CPF-Abondance-Formation.jpg 1240w\" sizes=\"(max-width: 1024px) 100vw, 1024px\" \/>\t\t\t\t\t\t\t\t\t\t\t\t\t\t\t<\/div>\n\t\t\t\t<\/div>\n\t\t\t\t<\/div>\n\t\t<div class=\"elementor-element elementor-element-32add28 e-con-full e-flex e-con e-child\" data-id=\"32add28\" data-element_type=\"container\" data-e-type=\"container\" data-settings=\"{&quot;background_background&quot;:&quot;classic&quot;}\">\n\t\t<div class=\"elementor-element elementor-element-94a69d3 e-con-full e-flex e-con e-child\" data-id=\"94a69d3\" data-element_type=\"container\" data-e-type=\"container\">\n\t\t\t\t<div class=\"elementor-element elementor-element-88bd576 elementor-widget elementor-widget-image\" data-id=\"88bd576\" data-element_type=\"widget\" data-e-type=\"widget\" data-widget_type=\"image.default\">\n\t\t\t\t\t\t\t\t\t\t\t\t\t\t\t<img decoding=\"async\" width=\"1024\" height=\"1024\" src=\"https:\/\/guyanemanagersetdirigeants.com\/wp-content\/uploads\/2025\/08\/Formation-capacite-de-transport-1024x1024.png\" class=\"attachment-large size-large wp-image-211\" alt=\"\" srcset=\"https:\/\/guyanemanagersetdirigeants.com\/wp-content\/uploads\/2025\/08\/Formation-capacite-de-transport-1024x1024.png 1024w, https:\/\/guyanemanagersetdirigeants.com\/wp-content\/uploads\/2025\/08\/Formation-capacite-de-transport-300x300.png 300w, https:\/\/guyanemanagersetdirigeants.com\/wp-content\/uploads\/2025\/08\/Formation-capacite-de-transport-150x150.png 150w, https:\/\/guyanemanagersetdirigeants.com\/wp-content\/uploads\/2025\/08\/Formation-capacite-de-transport-768x768.png 768w, https:\/\/guyanemanagersetdirigeants.com\/wp-content\/uploads\/2025\/08\/Formation-capacite-de-transport.png 1080w\" sizes=\"(max-width: 1024px) 100vw, 1024px\" \/>\t\t\t\t\t\t\t\t\t\t\t\t\t\t\t<\/div>\n\t\t\t\t<\/div>\n\t\t<div class=\"elementor-element elementor-element-516420c e-con-full e-flex e-con e-child\" data-id=\"516420c\" data-element_type=\"container\" data-e-type=\"container\">\n\t\t\t\t<div class=\"elementor-element elementor-element-27de10c elementor-widget elementor-widget-heading\" data-id=\"27de10c\" data-element_type=\"widget\" data-e-type=\"widget\" data-widget_type=\"heading.default\">\n\t\t\t\t\t<h2 class=\"elementor-heading-title elementor-size-default\">Obtenez votre capacit\u00e9 de transport<\/h2>\t\t\t\t<\/div>\n\t\t\t\t<div class=\"elementor-element elementor-element-adc94ac elementor-widget elementor-widget-text-editor\" data-id=\"adc94ac\" data-element_type=\"widget\" data-e-type=\"widget\" data-widget_type=\"text-editor.default\">\n\t\t\t\t\t\t\t\t\t<p>Vous avez pour projet de <strong>cr\u00e9er ou g\u00e9rer une entreprise de transport en Guyane<\/strong> ? Que ce soit dans le <strong>transport de voyageurs<\/strong> ou dans la <strong>logistique de marchandises<\/strong>, la <strong>capacit\u00e9 de transport professionnelle<\/strong> est <strong>obligatoire<\/strong>pour exercer l\u00e9galement.<\/p>\t\t\t\t\t\t\t\t<\/div>\n\t\t\t\t<\/div>\n\t\t\t\t<\/div>\n\t\t<div class=\"elementor-element elementor-element-a83770e e-con-full e-flex e-con e-child\" data-id=\"a83770e\" data-element_type=\"container\" data-e-type=\"container\" data-settings=\"{&quot;background_background&quot;:&quot;classic&quot;}\">\n\t\t<div class=\"elementor-element elementor-element-46a9629 e-con-full e-flex e-con e-child\" data-id=\"46a9629\" data-element_type=\"container\" data-e-type=\"container\">\n\t\t\t\t<div class=\"elementor-element elementor-element-31488bb elementor-widget elementor-widget-heading\" data-id=\"31488bb\" data-element_type=\"widget\" data-e-type=\"widget\" data-widget_type=\"heading.default\">\n\t\t\t\t\t<h2 class=\"elementor-heading-title elementor-size-default\">D\u00e9couvrez la VAE<\/h2>\t\t\t\t<\/div>\n\t\t\t\t<div class=\"elementor-element elementor-element-66e2fad elementor-widget elementor-widget-text-editor\" data-id=\"66e2fad\" data-element_type=\"widget\" data-e-type=\"widget\" data-widget_type=\"text-editor.default\">\n\t\t\t\t\t\t\t\t\t<p>Que vous soyez salari\u00e9, ind\u00e9pendant, demandeur d\u2019emploi ou b\u00e9n\u00e9vole, <strong>la Validation des Acquis de l\u2019Exp\u00e9rience (VAE)<\/strong> peut transformer votre expertise en un dipl\u00f4me reconnu, sans avoir \u00e0 retourner \u00e0 l\u2019\u00e9cole ! Avec la VAE, <strong>ce n\u2019est pas vous qui vous adaptez au dipl\u00f4me, c\u2019est le dipl\u00f4me qui reconna\u00eet votre parcours<\/strong>.<\/p>\t\t\t\t\t\t\t\t<\/div>\n\t\t\t\t<\/div>\n\t\t<div class=\"elementor-element elementor-element-23305ce e-con-full e-flex e-con e-child\" data-id=\"23305ce\" data-element_type=\"container\" data-e-type=\"container\">\n\t\t\t\t<div class=\"elementor-element elementor-element-6222f84 elementor-widget elementor-widget-image\" data-id=\"6222f84\" data-element_type=\"widget\" data-e-type=\"widget\" data-widget_type=\"image.default\">\n\t\t\t\t\t\t\t\t\t\t\t\t\t\t\t<img decoding=\"async\" width=\"512\" height=\"345\" src=\"https:\/\/guyanemanagersetdirigeants.com\/wp-content\/uploads\/2025\/08\/VAE-Abondance-Formation.jpg\" class=\"attachment-large size-large wp-image-265\" alt=\"\" srcset=\"https:\/\/guyanemanagersetdirigeants.com\/wp-content\/uploads\/2025\/08\/VAE-Abondance-Formation.jpg 512w, https:\/\/guyanemanagersetdirigeants.com\/wp-content\/uploads\/2025\/08\/VAE-Abondance-Formation-300x202.jpg 300w\" sizes=\"(max-width: 512px) 100vw, 512px\" \/>\t\t\t\t\t\t\t\t\t\t\t\t\t\t\t<\/div>\n\t\t\t\t<\/div>\n\t\t\t\t<\/div>\n\t\t\t\t\t<\/div>\n\t\t\t\t<\/div>\n\t\t<div class=\"elementor-element elementor-element-0e11626 e-flex e-con-boxed e-con e-parent\" data-id=\"0e11626\" data-element_type=\"container\" data-e-type=\"container\">\n\t\t\t\t\t<div class=\"e-con-inner\">\n\t\t\t\t<div class=\"elementor-element elementor-element-ae4deda elementor-widget elementor-widget-spacer\" data-id=\"ae4deda\" data-element_type=\"widget\" data-e-type=\"widget\" data-widget_type=\"spacer.default\">\n\t\t\t\t\t\t\t<div class=\"elementor-spacer\">\n\t\t\t<div class=\"elementor-spacer-inner\"><\/div>\n\t\t<\/div>\n\t\t\t\t\t\t<\/div>\n\t\t\t\t\t<\/div>\n\t\t\t\t<\/div>\n\t\t\t\t<\/div>\n\t\t","protected":false},"excerpt":{"rendered":"<p>Actualit\u00e9 &amp; \u00c9v\u00e9nements Suivez toute l\u2019actualit\u00e9 du management et de l\u2019entrepreneuriat en Guyane \ud83d\udccc Salons et rencontres professionnelles\ud83d\udccc Formations et [&hellip;]<\/p>\n","protected":false},"author":1,"featured_media":0,"parent":0,"menu_order":0,"comment_status":"closed","ping_status":"closed","template":"","meta":{"site-sidebar-layout":"no-sidebar","site-content-layout":"","ast-site-content-layout":"full-width-container","site-content-style":"default","site-sidebar-style":"default","ast-global-header-display":"","ast-banner-title-visibility":"","ast-main-header-display":"","ast-hfb-above-header-display":"","ast-hfb-below-header-display":"","ast-hfb-mobile-header-display":"","site-post-title":"disabled","ast-breadcrumbs-content":"","ast-featured-img":"disabled","footer-sml-layout":"","ast-disable-related-posts":"","theme-transparent-header-meta":"","adv-header-id-meta":"","stick-header-meta":"","header-above-stick-meta":"","header-main-stick-meta":"","header-below-stick-meta":"","astra-migrate-meta-layouts":"default","ast-page-background-enabled":"default","ast-page-background-meta":{"desktop":{"background-color":"var(--ast-global-color-5)","background-image":"","background-repeat":"repeat","background-position":"center center","background-size":"auto","background-attachment":"scroll","background-type":"","background-media":"","overlay-type":"","overlay-color":"","overlay-opacity":"","overlay-gradient":""},"tablet":{"background-color":"","background-image":"","background-repeat":"repeat","background-position":"center center","background-size":"auto","background-attachment":"scroll","background-type":"","background-media":"","overlay-type":"","overlay-color":"","overlay-opacity":"","overlay-gradient":""},"mobile":{"background-color":"","background-image":"","background-repeat":"repeat","background-position":"center center","background-size":"auto","background-attachment":"scroll","background-type":"","background-media":"","overlay-type":"","overlay-color":"","overlay-opacity":"","overlay-gradient":""}},"ast-content-background-meta":{"desktop":{"background-color":"var(--ast-global-color-4)","background-image":"","background-repeat":"repeat","background-position":"center center","background-size":"auto","background-attachment":"scroll","background-type":"","background-media":"","overlay-type":"","overlay-color":"","overlay-opacity":"","overlay-gradient":""},"tablet":{"background-color":"var(--ast-global-color-4)","background-image":"","background-repeat":"repeat","background-position":"center center","background-size":"auto","background-attachment":"scroll","background-type":"","background-media":"","overlay-type":"","overlay-color":"","overlay-opacity":"","overlay-gradient":""},"mobile":{"background-color":"var(--ast-global-color-4)","background-image":"","background-repeat":"repeat","background-position":"center center","background-size":"auto","background-attachment":"scroll","background-type":"","background-media":"","overlay-type":"","overlay-color":"","overlay-opacity":"","overlay-gradient":""}},"footnotes":""},"class_list":["post-157","page","type-page","status-publish","hentry"],"jetpack_sharing_enabled":true,"_links":{"self":[{"href":"https:\/\/guyanemanagersetdirigeants.com\/index.php\/wp-json\/wp\/v2\/pages\/157","targetHints":{"allow":["GET"]}}],"collection":[{"href":"https:\/\/guyanemanagersetdirigeants.com\/index.php\/wp-json\/wp\/v2\/pages"}],"about":[{"href":"https:\/\/guyanemanagersetdirigeants.com\/index.php\/wp-json\/wp\/v2\/types\/page"}],"author":[{"embeddable":true,"href":"https:\/\/guyanemanagersetdirigeants.com\/index.php\/wp-json\/wp\/v2\/users\/1"}],"replies":[{"embeddable":true,"href":"https:\/\/guyanemanagersetdirigeants.com\/index.php\/wp-json\/wp\/v2\/comments?post=157"}],"version-history":[{"count":34,"href":"https:\/\/guyanemanagersetdirigeants.com\/index.php\/wp-json\/wp\/v2\/pages\/157\/revisions"}],"predecessor-version":[{"id":268,"href":"https:\/\/guyanemanagersetdirigeants.com\/index.php\/wp-json\/wp\/v2\/pages\/157\/revisions\/268"}],"wp:attachment":[{"href":"https:\/\/guyanemanagersetdirigeants.com\/index.php\/wp-json\/wp\/v2\/media?parent=157"}],"curies":[{"name":"wp","href":"https:\/\/api.w.org\/{rel}","templated":true}]}}