{"id":175,"date":"2025-08-06T00:33:48","date_gmt":"2025-08-06T00:33:48","guid":{"rendered":"https:\/\/guyanemanagersetdirigeants.com\/?page_id=175"},"modified":"2025-08-12T14:05:25","modified_gmt":"2025-08-12T14:05:25","slug":"formules-daccompagnement","status":"publish","type":"page","link":"https:\/\/guyanemanagersetdirigeants.com\/index.php\/formules-daccompagnement\/","title":{"rendered":"Formules d&rsquo;accompagnement"},"content":{"rendered":"\t\t<div data-elementor-type=\"wp-page\" data-elementor-id=\"175\" class=\"elementor elementor-175\">\n\t\t\t\t<div class=\"elementor-element elementor-element-6b2a3a7 e-flex e-con-boxed e-con e-parent\" data-id=\"6b2a3a7\" data-element_type=\"container\" data-e-type=\"container\" data-settings=\"{&quot;background_background&quot;:&quot;classic&quot;}\">\n\t\t\t\t\t<div class=\"e-con-inner\">\n\t\t\t\t<div class=\"elementor-element elementor-element-dac5d31 elementor-widget elementor-widget-heading\" data-id=\"dac5d31\" data-element_type=\"widget\" data-e-type=\"widget\" data-widget_type=\"heading.default\">\n\t\t\t\t\t<h2 class=\"elementor-heading-title elementor-size-default\">Accompagnement post formation<\/h2>\t\t\t\t<\/div>\n\t\t\t\t\t<\/div>\n\t\t\t\t<\/div>\n\t\t<div class=\"elementor-element elementor-element-39064c8 e-flex e-con-boxed e-con e-parent\" data-id=\"39064c8\" data-element_type=\"container\" data-e-type=\"container\">\n\t\t\t\t\t<div class=\"e-con-inner\">\n\t\t\t\t<div class=\"elementor-element elementor-element-8fb3c3f elementor-widget elementor-widget-spacer\" data-id=\"8fb3c3f\" data-element_type=\"widget\" data-e-type=\"widget\" data-widget_type=\"spacer.default\">\n\t\t\t\t\t\t\t<div class=\"elementor-spacer\">\n\t\t\t<div class=\"elementor-spacer-inner\"><\/div>\n\t\t<\/div>\n\t\t\t\t\t\t<\/div>\n\t\t\t\t\t<\/div>\n\t\t\t\t<\/div>\n\t\t<div class=\"elementor-element elementor-element-bae3246 e-flex e-con-boxed e-con e-parent\" data-id=\"bae3246\" data-element_type=\"container\" data-e-type=\"container\">\n\t\t\t\t\t<div class=\"e-con-inner\">\n\t\t<div class=\"elementor-element elementor-element-a897da7 e-con-full e-flex e-con e-child\" data-id=\"a897da7\" data-element_type=\"container\" data-e-type=\"container\" data-settings=\"{&quot;background_background&quot;:&quot;classic&quot;}\">\n\t\t\t\t<div class=\"elementor-element elementor-element-586140e elementor-widget elementor-widget-heading\" data-id=\"586140e\" data-element_type=\"widget\" data-e-type=\"widget\" data-widget_type=\"heading.default\">\n\t\t\t\t\t<h2 class=\"elementor-heading-title elementor-size-default\">Pourquoi un accompagnement post-formation ?<\/h2>\t\t\t\t<\/div>\n\t\t\t\t<div class=\"elementor-element elementor-element-645af72 elementor-widget elementor-widget-text-editor\" data-id=\"645af72\" data-element_type=\"widget\" data-e-type=\"widget\" data-widget_type=\"text-editor.default\">\n\t\t\t\t\t\t\t\t\t<p class=\"p1\">La fin d&rsquo;un module de formation marque une \u00e9tape importante, mais la v\u00e9ritable valeur<\/p><p class=\"p1\">ajout\u00e9e r\u00e9side dans la capacit\u00e9 \u00e0 transposer les apprentissages en actions concr\u00e8tes et<\/p><p class=\"p1\">mesurables. Sans un suivi structur\u00e9, il est fr\u00e9quent que l&rsquo;enthousiasme initial s&rsquo;estompe<\/p><p class=\"p1\">et que les bonnes r\u00e9solutions ne se concr\u00e9tisent pas.<\/p><p>\u00a0<\/p><p>Notre accompagnement vise \u00e0 :<\/p><p>\u00a0<\/p><ul><li>Ancrer les comp\u00e9tences acquises : Aider les managers et dirigeants \u00e0 int\u00e9grer les nouvelles m\u00e9thodes et outils dans leur quotidien professionnel.<\/li><\/ul><p>\u00a0<\/p><ul><li>Renforcer la confiance et l&rsquo;autonomie : Soutenir l&rsquo;application des apprentissages face aux situations r\u00e9elles et complexes.<\/li><\/ul><p>\u00a0<\/p><ul><li>Acc\u00e9l\u00e9rer le passage \u00e0 l&rsquo;action : Faciliter la mise en \u0153uvre des plans de d\u00e9veloppement individuels.<\/li><\/ul><p>\u00a0<\/p><ul><li>Mesurer l&rsquo;impact r\u00e9el : Permettre d&rsquo;\u00e9valuer concr\u00e8tement les b\u00e9n\u00e9fices de la formation sur la performance individuelle et collective.<\/li><\/ul><p>\u00a0<\/p><ul><li>Pr\u00e9venir le d\u00e9crochage : Offrir un espace de dialogue et de r\u00e9solution des d\u00e9fis rencontr\u00e9s dans l\u2019exercice de vos fonctions \u00e0 l\u2019issue de la formation.<\/li><\/ul>\t\t\t\t\t\t\t\t<\/div>\n\t\t\t\t<div class=\"elementor-element elementor-element-1836542 elementor-widget elementor-widget-heading\" data-id=\"1836542\" data-element_type=\"widget\" data-e-type=\"widget\" data-widget_type=\"heading.default\">\n\t\t\t\t\t<h2 class=\"elementor-heading-title elementor-size-default\">Nos formules d'accompagnement<\/h2>\t\t\t\t<\/div>\n\t\t\t\t<div class=\"elementor-element elementor-element-5e6511f elementor-widget elementor-widget-text-editor\" data-id=\"5e6511f\" data-element_type=\"widget\" data-e-type=\"widget\" data-widget_type=\"text-editor.default\">\n\t\t\t\t\t\t\t\t\t<p class=\"p1\">Nous avons con\u00e7u deux formules modulables pour r\u00e9pondre aux besoins sp\u00e9cifiques<\/p><p class=\"p1\">de chaque manager ou dirigeant. Chaque formule est pens\u00e9e pour maximiser le retour<\/p><p class=\"p1\">sur investissement de la formation initiale.<\/p>\t\t\t\t\t\t\t\t<\/div>\n\t\t<div class=\"elementor-element elementor-element-40ef0d8 e-con-full e-flex e-con e-child\" data-id=\"40ef0d8\" data-element_type=\"container\" data-e-type=\"container\">\n\t\t<div class=\"elementor-element elementor-element-0f2ca68 e-con-full e-flex e-con e-child\" data-id=\"0f2ca68\" data-element_type=\"container\" data-e-type=\"container\" data-settings=\"{&quot;background_background&quot;:&quot;classic&quot;}\">\n\t\t\t\t<div class=\"elementor-element elementor-element-cddb09e elementor-view-stacked elementor-shape-circle elementor-widget elementor-widget-icon\" data-id=\"cddb09e\" data-element_type=\"widget\" data-e-type=\"widget\" data-widget_type=\"icon.default\">\n\t\t\t\t\t\t\t<div class=\"elementor-icon-wrapper\">\n\t\t\t<div class=\"elementor-icon\">\n\t\t\t<svg aria-hidden=\"true\" class=\"e-font-icon-svg e-fas-star\" viewBox=\"0 0 576 512\" xmlns=\"http:\/\/www.w3.org\/2000\/svg\"><path d=\"M259.3 17.8L194 150.2 47.9 171.5c-26.2 3.8-36.7 36.1-17.7 54.6l105.7 103-25 145.5c-4.5 26.3 23.2 46 46.4 33.7L288 439.6l130.7 68.7c23.2 12.2 50.9-7.4 46.4-33.7l-25-145.5 105.7-103c19-18.5 8.5-50.8-17.7-54.6L382 150.2 316.7 17.8c-11.7-23.6-45.6-23.9-57.4 0z\"><\/path><\/svg>\t\t\t<\/div>\n\t\t<\/div>\n\t\t\t\t\t\t<\/div>\n\t\t\t\t<div class=\"elementor-element elementor-element-a1828b3 elementor-widget elementor-widget-heading\" data-id=\"a1828b3\" data-element_type=\"widget\" data-e-type=\"widget\" data-widget_type=\"heading.default\">\n\t\t\t\t\t<h2 class=\"elementor-heading-title elementor-size-default\">Suivi \"Booster\" (Individuel)<\/h2>\t\t\t\t<\/div>\n\t\t\t\t<div class=\"elementor-element elementor-element-dad6aeb elementor-widget elementor-widget-text-editor\" data-id=\"dad6aeb\" data-element_type=\"widget\" data-e-type=\"widget\" data-widget_type=\"text-editor.default\">\n\t\t\t\t\t\t\t\t\t<p>Cette formule est id\u00e9ale pour les participants souhaitant un soutien personnalis\u00e9 et<br \/>cibl\u00e9 pour consolider leurs acquis et relever des d\u00e9fis sp\u00e9cifiques.<\/p><p><br \/><strong>Contenu<\/strong><br \/>\u25cb 2 s\u00e9ances de coaching individuelles (1h30 chacune) \u00e0 distance ou en<br \/>pr\u00e9sentiel (selon localisation et pr\u00e9f\u00e9rence).<br \/>\u25cb Focus sur la mise en \u0153uvre des apprentissages : Chaque s\u00e9ance est<br \/>d\u00e9di\u00e9e \u00e0 l&rsquo;analyse des situations rencontr\u00e9es, la r\u00e9solution de probl\u00e8mes<br \/>sp\u00e9cifiques li\u00e9s au module suivi, et la d\u00e9finition de plans d&rsquo;action<br \/>concrets.<br \/>\u25cb Acc\u00e8s prioritaire \u00e0 une ligne de conseil par email pendant 2 mois apr\u00e8s<br \/>la formation pour des questions ponctuelles.<br \/>\u25cb Outils de suivi personnalis\u00e9s : Fourniture de fiches pratiques et d&rsquo;outils<br \/>de r\u00e9flexion adapt\u00e9s au module suivi.<\/p><p><br \/><strong>B\u00e9n\u00e9fices<\/strong><br \/>\u25cb Int\u00e9gration acc\u00e9l\u00e9r\u00e9e des comp\u00e9tences.<br \/>\u25cb R\u00e9solution de blocages sp\u00e9cifiques.<br \/>\u25cb Confiance accrue dans l&rsquo;application des nouvelles pratiques.<br \/>\u25cb Responsabilisation et engagement renforc\u00e9s.<\/p><p><br \/><strong>Dur\u00e9e de l&rsquo;accompagnement : 2 mois post-formation.<\/strong><\/p>\t\t\t\t\t\t\t\t<\/div>\n\t\t\t\t<div class=\"elementor-element elementor-element-46cd917 elementor-widget elementor-widget-heading\" data-id=\"46cd917\" data-element_type=\"widget\" data-e-type=\"widget\" data-widget_type=\"heading.default\">\n\t\t\t\t\t<h2 class=\"elementor-heading-title elementor-size-default\">500\u20ac\/mois<\/h2>\t\t\t\t<\/div>\n\t\t\t\t<div class=\"elementor-element elementor-element-f2158e0 elementor-align-center elementor-widget elementor-widget-button\" data-id=\"f2158e0\" data-element_type=\"widget\" data-e-type=\"widget\" data-widget_type=\"button.default\">\n\t\t\t\t\t\t\t\t\t\t<a class=\"elementor-button elementor-button-link elementor-size-sm\" href=\"#\">\n\t\t\t\t\t\t<span class=\"elementor-button-content-wrapper\">\n\t\t\t\t\t\t\t\t\t<span class=\"elementor-button-text\">Je veux cette formule<\/span>\n\t\t\t\t\t<\/span>\n\t\t\t\t\t<\/a>\n\t\t\t\t\t\t\t\t<\/div>\n\t\t\t\t<\/div>\n\t\t<div class=\"elementor-element elementor-element-b814841 e-con-full e-flex e-con e-child\" data-id=\"b814841\" data-element_type=\"container\" data-e-type=\"container\" data-settings=\"{&quot;background_background&quot;:&quot;classic&quot;}\">\n\t\t\t\t<div class=\"elementor-element elementor-element-4e5bdb8 elementor-view-stacked elementor-shape-circle elementor-widget elementor-widget-icon\" data-id=\"4e5bdb8\" data-element_type=\"widget\" data-e-type=\"widget\" data-widget_type=\"icon.default\">\n\t\t\t\t\t\t\t<div class=\"elementor-icon-wrapper\">\n\t\t\t<div class=\"elementor-icon\">\n\t\t\t<svg aria-hidden=\"true\" class=\"e-font-icon-svg e-fas-star\" viewBox=\"0 0 576 512\" xmlns=\"http:\/\/www.w3.org\/2000\/svg\"><path d=\"M259.3 17.8L194 150.2 47.9 171.5c-26.2 3.8-36.7 36.1-17.7 54.6l105.7 103-25 145.5c-4.5 26.3 23.2 46 46.4 33.7L288 439.6l130.7 68.7c23.2 12.2 50.9-7.4 46.4-33.7l-25-145.5 105.7-103c19-18.5 8.5-50.8-17.7-54.6L382 150.2 316.7 17.8c-11.7-23.6-45.6-23.9-57.4 0z\"><\/path><\/svg>\t\t\t<\/div>\n\t\t<\/div>\n\t\t\t\t\t\t<\/div>\n\t\t\t\t<div class=\"elementor-element elementor-element-22faeac elementor-widget elementor-widget-heading\" data-id=\"22faeac\" data-element_type=\"widget\" data-e-type=\"widget\" data-widget_type=\"heading.default\">\n\t\t\t\t\t<h2 class=\"elementor-heading-title elementor-size-default\"> Accompagnement \"Synergie\" (Collectif et Individuel)<\/h2>\t\t\t\t<\/div>\n\t\t\t\t<div class=\"elementor-element elementor-element-c75ddad elementor-widget elementor-widget-text-editor\" data-id=\"c75ddad\" data-element_type=\"widget\" data-e-type=\"widget\" data-widget_type=\"text-editor.default\">\n\t\t\t\t\t\t\t\t\t<p>Cette formule combine les avantages du coaching individuel avec la richesse des<br \/>\u00e9changes collectifs. Elle est particuli\u00e8rement pertinente lorsque plusieurs managers ou<br \/>dirigeants d&rsquo;une m\u00eame organisation ont suivi le module.<\/p><p><br \/><strong>Contenu<\/strong><br \/>\u25cb 2 s\u00e9ances de coaching individuelles (1h30 chacune) \u00e0 distance ou en<br \/>pr\u00e9sentiel.<br \/>\u25cb 1 atelier de cod\u00e9veloppement en groupe (3 heures) : R\u00e9union de 4 \u00e0 6<br \/>participants ayant suivi le m\u00eame module pour partager les exp\u00e9riences,<br \/>r\u00e9soudre des cas pratiques et b\u00e9n\u00e9ficier de l&rsquo;intelligence collective.<br \/>\u25cb Acc\u00e8s \u00e0 une plateforme collaborative en ligne pendant 3 mois : Espace<br \/>d&rsquo;\u00e9changes de bonnes pratiques, de partage de ressources et de<br \/>questions\/r\u00e9ponses anim\u00e9es par un expert Guyane Managers et<br \/>Dirigeants.<br \/>\u25cb Bilan de progression : Un rapport synth\u00e9tique sur les avanc\u00e9es<br \/>collectives et individuelles, avec des recommandations pour la suite.<\/p><p><br \/><strong>B\u00e9n\u00e9fices<\/strong><br \/>\u25cb D\u00e9veloppement des comp\u00e9tences individuelles et collectives.<br \/>\u25cb Cr\u00e9ation d&rsquo;une communaut\u00e9 de pratique et d&rsquo;apprentissage au sein de<br \/>l&rsquo;organisation.<br \/>\u25cb Partage d&rsquo;exp\u00e9riences et r\u00e9solution collaborative de d\u00e9fis.<br \/>\u25cb Renforcement de la coh\u00e9sion d&rsquo;\u00e9quipe et de la culture d&rsquo;apprentissage.<\/p><p><strong>Dur\u00e9e de l&rsquo;accompagnement : 3 mois post-formation.<\/strong><\/p>\t\t\t\t\t\t\t\t<\/div>\n\t\t\t\t<div class=\"elementor-element elementor-element-6ea415b elementor-widget elementor-widget-heading\" data-id=\"6ea415b\" data-element_type=\"widget\" data-e-type=\"widget\" data-widget_type=\"heading.default\">\n\t\t\t\t\t<h2 class=\"elementor-heading-title elementor-size-default\">600\u20ac\/mois<\/h2>\t\t\t\t<\/div>\n\t\t\t\t<div class=\"elementor-element elementor-element-2db9a52 elementor-align-center elementor-widget elementor-widget-button\" data-id=\"2db9a52\" data-element_type=\"widget\" data-e-type=\"widget\" data-widget_type=\"button.default\">\n\t\t\t\t\t\t\t\t\t\t<a class=\"elementor-button elementor-button-link elementor-size-sm\" href=\"#\">\n\t\t\t\t\t\t<span class=\"elementor-button-content-wrapper\">\n\t\t\t\t\t\t\t\t\t<span class=\"elementor-button-text\">Je veux cette formule<\/span>\n\t\t\t\t\t<\/span>\n\t\t\t\t\t<\/a>\n\t\t\t\t\t\t\t\t<\/div>\n\t\t\t\t<\/div>\n\t\t<div class=\"elementor-element elementor-element-7889da1 e-con-full e-flex e-con e-child\" data-id=\"7889da1\" data-element_type=\"container\" data-e-type=\"container\" data-settings=\"{&quot;background_background&quot;:&quot;classic&quot;}\">\n\t\t\t\t<div class=\"elementor-element elementor-element-a2bea9e elementor-view-stacked elementor-shape-circle elementor-widget elementor-widget-icon\" data-id=\"a2bea9e\" data-element_type=\"widget\" data-e-type=\"widget\" data-widget_type=\"icon.default\">\n\t\t\t\t\t\t\t<div class=\"elementor-icon-wrapper\">\n\t\t\t<div class=\"elementor-icon\">\n\t\t\t<svg aria-hidden=\"true\" class=\"e-font-icon-svg e-fas-star\" viewBox=\"0 0 576 512\" xmlns=\"http:\/\/www.w3.org\/2000\/svg\"><path d=\"M259.3 17.8L194 150.2 47.9 171.5c-26.2 3.8-36.7 36.1-17.7 54.6l105.7 103-25 145.5c-4.5 26.3 23.2 46 46.4 33.7L288 439.6l130.7 68.7c23.2 12.2 50.9-7.4 46.4-33.7l-25-145.5 105.7-103c19-18.5 8.5-50.8-17.7-54.6L382 150.2 316.7 17.8c-11.7-23.6-45.6-23.9-57.4 0z\"><\/path><\/svg>\t\t\t<\/div>\n\t\t<\/div>\n\t\t\t\t\t\t<\/div>\n\t\t\t\t<div class=\"elementor-element elementor-element-94ec9ff elementor-widget elementor-widget-heading\" data-id=\"94ec9ff\" data-element_type=\"widget\" data-e-type=\"widget\" data-widget_type=\"heading.default\">\n\t\t\t\t\t<h2 class=\"elementor-heading-title elementor-size-default\">Accompagnement \"sur mesure\"<\/h2>\t\t\t\t<\/div>\n\t\t\t\t<div class=\"elementor-element elementor-element-12f9d52 elementor-widget elementor-widget-spacer\" data-id=\"12f9d52\" data-element_type=\"widget\" data-e-type=\"widget\" data-widget_type=\"spacer.default\">\n\t\t\t\t\t\t\t<div class=\"elementor-spacer\">\n\t\t\t<div class=\"elementor-spacer-inner\"><\/div>\n\t\t<\/div>\n\t\t\t\t\t\t<\/div>\n\t\t\t\t<div class=\"elementor-element elementor-element-c7a855e elementor-widget elementor-widget-text-editor\" data-id=\"c7a855e\" data-element_type=\"widget\" data-e-type=\"widget\" data-widget_type=\"text-editor.default\">\n\t\t\t\t\t\t\t\t\t<p>Elle se r\u00e9alise sur la base d\u2019un cahier de charges en fonction de vos besoins. Un<br \/>devis vous sera propos\u00e9.<\/p>\t\t\t\t\t\t\t\t<\/div>\n\t\t\t\t<div class=\"elementor-element elementor-element-cdf7f23 elementor-widget elementor-widget-spacer\" data-id=\"cdf7f23\" data-element_type=\"widget\" data-e-type=\"widget\" data-widget_type=\"spacer.default\">\n\t\t\t\t\t\t\t<div class=\"elementor-spacer\">\n\t\t\t<div class=\"elementor-spacer-inner\"><\/div>\n\t\t<\/div>\n\t\t\t\t\t\t<\/div>\n\t\t\t\t<div class=\"elementor-element elementor-element-d3918b0 elementor-widget elementor-widget-heading\" data-id=\"d3918b0\" data-element_type=\"widget\" data-e-type=\"widget\" data-widget_type=\"heading.default\">\n\t\t\t\t\t<h2 class=\"elementor-heading-title elementor-size-default\">Prix \u00e0 la carte<\/h2>\t\t\t\t<\/div>\n\t\t\t\t<div class=\"elementor-element elementor-element-b2c4874 elementor-align-center elementor-widget elementor-widget-button\" data-id=\"b2c4874\" data-element_type=\"widget\" data-e-type=\"widget\" data-widget_type=\"button.default\">\n\t\t\t\t\t\t\t\t\t\t<a class=\"elementor-button elementor-button-link elementor-size-sm\" href=\"#\">\n\t\t\t\t\t\t<span class=\"elementor-button-content-wrapper\">\n\t\t\t\t\t\t\t\t\t<span class=\"elementor-button-text\">Je veux cette formule<\/span>\n\t\t\t\t\t<\/span>\n\t\t\t\t\t<\/a>\n\t\t\t\t\t\t\t\t<\/div>\n\t\t\t\t<\/div>\n\t\t\t\t<\/div>\n\t\t\t\t<\/div>\n\t\t\t\t\t<\/div>\n\t\t\t\t<\/div>\n\t\t<div class=\"elementor-element elementor-element-40386ff e-flex e-con-boxed e-con e-parent\" data-id=\"40386ff\" data-element_type=\"container\" data-e-type=\"container\">\n\t\t\t\t\t<div class=\"e-con-inner\">\n\t\t\t\t<div class=\"elementor-element elementor-element-50b1f82 elementor-widget elementor-widget-spacer\" data-id=\"50b1f82\" data-element_type=\"widget\" data-e-type=\"widget\" data-widget_type=\"spacer.default\">\n\t\t\t\t\t\t\t<div class=\"elementor-spacer\">\n\t\t\t<div class=\"elementor-spacer-inner\"><\/div>\n\t\t<\/div>\n\t\t\t\t\t\t<\/div>\n\t\t\t\t\t<\/div>\n\t\t\t\t<\/div>\n\t\t\t\t<\/div>\n\t\t","protected":false},"excerpt":{"rendered":"<p>Accompagnement post formation Pourquoi un accompagnement post-formation ? La fin d&rsquo;un module de formation marque une \u00e9tape importante, mais la [&hellip;]<\/p>\n","protected":false},"author":1,"featured_media":0,"parent":0,"menu_order":0,"comment_status":"closed","ping_status":"closed","template":"","meta":{"site-sidebar-layout":"no-sidebar","site-content-layout":"","ast-site-content-layout":"full-width-container","site-content-style":"default","site-sidebar-style":"default","ast-global-header-display":"","ast-banner-title-visibility":"","ast-main-header-display":"","ast-hfb-above-header-display":"","ast-hfb-below-header-display":"","ast-hfb-mobile-header-display":"","site-post-title":"disabled","ast-breadcrumbs-content":"","ast-featured-img":"disabled","footer-sml-layout":"","ast-disable-related-posts":"","theme-transparent-header-meta":"","adv-header-id-meta":"","stick-header-meta":"","header-above-stick-meta":"","header-main-stick-meta":"","header-below-stick-meta":"","astra-migrate-meta-layouts":"default","ast-page-background-enabled":"default","ast-page-background-meta":{"desktop":{"background-color":"var(--ast-global-color-5)","background-image":"","background-repeat":"repeat","background-position":"center center","background-size":"auto","background-attachment":"scroll","background-type":"","background-media":"","overlay-type":"","overlay-color":"","overlay-opacity":"","overlay-gradient":""},"tablet":{"background-color":"","background-image":"","background-repeat":"repeat","background-position":"center center","background-size":"auto","background-attachment":"scroll","background-type":"","background-media":"","overlay-type":"","overlay-color":"","overlay-opacity":"","overlay-gradient":""},"mobile":{"background-color":"","background-image":"","background-repeat":"repeat","background-position":"center center","background-size":"auto","background-attachment":"scroll","background-type":"","background-media":"","overlay-type":"","overlay-color":"","overlay-opacity":"","overlay-gradient":""}},"ast-content-background-meta":{"desktop":{"background-color":"var(--ast-global-color-4)","background-image":"","background-repeat":"repeat","background-position":"center center","background-size":"auto","background-attachment":"scroll","background-type":"","background-media":"","overlay-type":"","overlay-color":"","overlay-opacity":"","overlay-gradient":""},"tablet":{"background-color":"var(--ast-global-color-4)","background-image":"","background-repeat":"repeat","background-position":"center center","background-size":"auto","background-attachment":"scroll","background-type":"","background-media":"","overlay-type":"","overlay-color":"","overlay-opacity":"","overlay-gradient":""},"mobile":{"background-color":"var(--ast-global-color-4)","background-image":"","background-repeat":"repeat","background-position":"center center","background-size":"auto","background-attachment":"scroll","background-type":"","background-media":"","overlay-type":"","overlay-color":"","overlay-opacity":"","overlay-gradient":""}},"footnotes":""},"class_list":["post-175","page","type-page","status-publish","hentry"],"jetpack_sharing_enabled":true,"_links":{"self":[{"href":"https:\/\/guyanemanagersetdirigeants.com\/index.php\/wp-json\/wp\/v2\/pages\/175","targetHints":{"allow":["GET"]}}],"collection":[{"href":"https:\/\/guyanemanagersetdirigeants.com\/index.php\/wp-json\/wp\/v2\/pages"}],"about":[{"href":"https:\/\/guyanemanagersetdirigeants.com\/index.php\/wp-json\/wp\/v2\/types\/page"}],"author":[{"embeddable":true,"href":"https:\/\/guyanemanagersetdirigeants.com\/index.php\/wp-json\/wp\/v2\/users\/1"}],"replies":[{"embeddable":true,"href":"https:\/\/guyanemanagersetdirigeants.com\/index.php\/wp-json\/wp\/v2\/comments?post=175"}],"version-history":[{"count":21,"href":"https:\/\/guyanemanagersetdirigeants.com\/index.php\/wp-json\/wp\/v2\/pages\/175\/revisions"}],"predecessor-version":[{"id":283,"href":"https:\/\/guyanemanagersetdirigeants.com\/index.php\/wp-json\/wp\/v2\/pages\/175\/revisions\/283"}],"wp:attachment":[{"href":"https:\/\/guyanemanagersetdirigeants.com\/index.php\/wp-json\/wp\/v2\/media?parent=175"}],"curies":[{"name":"wp","href":"https:\/\/api.w.org\/{rel}","templated":true}]}}